{"id":801,"date":"2013-10-24T08:05:53","date_gmt":"2013-10-24T07:05:53","guid":{"rendered":"http:\/\/www.aquila-austria.at\/?page_id=801"},"modified":"2022-06-06T07:45:08","modified_gmt":"2022-06-06T06:45:08","slug":"teams","status":"publish","type":"page","link":"https:\/\/www.aquila-austria.at\/?page_id=801","title":{"rendered":"Teams"},"content":{"rendered":"<p>\u00dcbersicht aktiver Regattasegler (der letzten Jahre) innerhalb der \u00d6sterreichischen Klassenvereinigung. Fehlende Daten bzw. Bilder zum Erg\u00e4nzen k\u00f6nnen per <a title=\"Vorschoter B\u00f6rse\" href=\"mailto:klassenvereinigung@aquila-austria.at\">EMail <\/a>an die \u00d6sterreichische Klassenvereinigung gesendet werden.<\/p>\n<table width=\"967\" cellspacing=\"0\" cellpadding=\"0\" border=\"0\">\n<colgroup>\n<col width=\"33\">\n<col width=\"75\">\n<col width=\"187\" span=\"2\">\n<col width=\"107\">\n<col width=\"97\">\n<col width=\"62\">\n<col width=\"219\"> <\/colgroup>\n<tbody>\n<tr>\n<td style=\"text-align: left;\" width=\"33\" height=\"20\">&nbsp;<\/td>\n<td width=\"75\"><strong>Segel#<\/strong><\/td>\n<td width=\"187\"><strong>Steuermann<\/strong><\/td>\n<td width=\"187\"><strong>Vorschoter<\/strong><\/td>\n<td width=\"107\"><strong>Club<\/strong><\/td>\n<td width=\"97\"><strong>Name<\/strong><\/td>\n<td width=\"62\"><strong>Farbe<\/strong><\/td>\n<td width=\"219\">&nbsp;<\/td>\n<\/tr>\n<tr>\n<td height=\"20\"><a href=\"wp-content\/uploads\/2013\/10\/aut11.jpg\" target=\"_blank\" rel=\"noopener noreferrer\"><img loading=\"lazy\" decoding=\"async\" src=\"http:\/\/www.aquila-austria.at\/wp-content\/uploads\/2013\/10\/icon-kamera.jpg\" alt=\"icon-kamera\" width=\"30\" height=\"30\"><\/a><\/td>\n<td>AUT 11<\/td>\n<td>Wolf Harald<\/td>\n<td>&nbsp;<\/td>\n<td>SCK<\/td>\n<td>&nbsp;<\/td>\n<td>&nbsp;<\/td>\n<td>&nbsp;<\/td>\n<\/tr>\n<tr>\n<td height=\"20\"><a href=\"http:\/\/www.aquila-austria.at\/wp-content\/uploads\/2013\/10\/wallisch.jpg\" target=\"_blank\" rel=\"noopener noreferrer\"><img loading=\"lazy\" decoding=\"async\" src=\"http:\/\/www.aquila-austria.at\/wp-content\/uploads\/2013\/10\/icon-kamera.jpg\" alt=\"icon-kamera\" width=\"30\" height=\"30\"><\/a><\/td>\n<td>AUT 29<\/td>\n<td>Walisch Fritz<\/td>\n<td>Bsirsky Edgar<\/td>\n<td>YESStP\/SCK<\/td>\n<td style=\"text-align: center;\">PUNTA<\/td>\n<td style=\"text-align: center;\">Rot<\/td>\n<td>&nbsp;<\/td>\n<\/tr>\n<tr>\n<td height=\"20\"><a href=\"http:\/\/www.aquila-austria.at\/wp-content\/uploads\/2013\/10\/wicht.jpg\" target=\"_blank\" rel=\"noopener noreferrer\"><img loading=\"lazy\" decoding=\"async\" src=\"http:\/\/www.aquila-austria.at\/wp-content\/uploads\/2013\/10\/icon-kamera.jpg\" alt=\"icon-kamera\" width=\"30\" height=\"30\"><\/a><\/td>\n<td>AUT 34<\/td>\n<td>Wicht Kurt<\/td>\n<td>Wicht Norbert<\/td>\n<td>SCM<\/td>\n<td style=\"text-align: center;\">TRAUM<\/td>\n<td style=\"text-align: center;\">Gelb<\/td>\n<td>&nbsp;<\/td>\n<\/tr>\n<tr>\n<td height=\"20\"><a href=\"http:\/\/www.aquila-austria.at\/wp-content\/uploads\/2013\/10\/witte.jpg\" target=\"_blank\" rel=\"noopener noreferrer\"><img loading=\"lazy\" decoding=\"async\" src=\"http:\/\/www.aquila-austria.at\/wp-content\/uploads\/2013\/10\/icon-kamera.jpg\" alt=\"icon-kamera\" width=\"30\" height=\"30\"><\/a><\/td>\n<td>AUT 55<\/td>\n<td>Witte Horst<\/td>\n<td>Bauer Peter<\/td>\n<td>SSC<\/td>\n<td style=\"text-align: center;\">SMIWI<\/td>\n<td style=\"text-align: center;\">Wei\u00df<\/td>\n<td>&nbsp;<\/td>\n<\/tr>\n<tr>\n<td height=\"20\"><a href=\"wp-content\/uploads\/2013\/10\/aut127.jpg\" target=\"_blank\" rel=\"noopener noreferrer\"><img loading=\"lazy\" decoding=\"async\" src=\"http:\/\/www.aquila-austria.at\/wp-content\/uploads\/2013\/10\/icon-kamera.jpg\" alt=\"icon-kamera\" width=\"30\" height=\"30\"><\/a><\/td>\n<td>AUT 127<\/td>\n<td>Brandst\u00e4tter Ferdinand<\/td>\n<td>Scheinast Johann<\/td>\n<td>YCBS\/YCBS<\/td>\n<td style=\"text-align: center;\">KORALLE<\/td>\n<td style=\"text-align: center;\">Rot<\/td>\n<td style=\"text-align: left;\">&nbsp;<\/td>\n<\/tr>\n<tr>\n<td height=\"20\"><a href=\"wp-content\/uploads\/2013\/10\/aut149.jpg\" target=\"_blank\" rel=\"noopener noreferrer\"><img loading=\"lazy\" decoding=\"async\" src=\"http:\/\/www.aquila-austria.at\/wp-content\/uploads\/2013\/10\/icon-kamera.jpg\" alt=\"icon-kamera\" width=\"30\" height=\"30\"><\/a><\/td>\n<td>AUT 149<\/td>\n<td>Geiring Peter<\/td>\n<td>Huber Michael<\/td>\n<td>SCM\/SSC<\/td>\n<td>&nbsp;<\/td>\n<td>&nbsp;<\/td>\n<td>&nbsp;<\/td>\n<\/tr>\n<tr>\n<td height=\"20\"><a href=\"http:\/\/www.aquila-austria.at\/wp-content\/uploads\/2013\/10\/icon-kamera-grey.jpg\"><img loading=\"lazy\" decoding=\"async\" src=\"http:\/\/www.aquila-austria.at\/wp-content\/uploads\/2013\/10\/icon-kamera-grey.jpg\" alt=\"icon-kamera-grey\" width=\"30\" height=\"30\"><\/a><\/td>\n<td>AUT 164<\/td>\n<td>Hilzensauer Peter<\/td>\n<td>&nbsp;<\/td>\n<td>&nbsp;<\/td>\n<td>&nbsp;<\/td>\n<td>&nbsp;<\/td>\n<td>&nbsp;<\/td>\n<\/tr>\n<tr>\n<td height=\"20\"><a href=\"wp-content\/uploads\/2013\/10\/aut176.jpg\" target=\"_blank\" rel=\"noopener noreferrer\"><img loading=\"lazy\" decoding=\"async\" src=\"http:\/\/www.aquila-austria.at\/wp-content\/uploads\/2013\/10\/icon-kamera.jpg\" alt=\"icon-kamera\" width=\"30\" height=\"30\"><\/a><\/td>\n<td>AUT 176<\/td>\n<td>Sturzeis Ludwig<\/td>\n<td>Kalhamer Martin<\/td>\n<td>YESStP\/SSC<\/td>\n<td style=\"text-align: center;\">VICTORIA<\/td>\n<td style=\"text-align: center;\">Rot<\/td>\n<td>&nbsp;<\/td>\n<\/tr>\n<tr>\n<td height=\"20\"><a href=\"http:\/\/www.aquila-austria.at\/wp-content\/uploads\/2013\/10\/kittinger.jpg\" target=\"_blank\" rel=\"noopener noreferrer\"><img loading=\"lazy\" decoding=\"async\" src=\"http:\/\/www.aquila-austria.at\/wp-content\/uploads\/2013\/10\/icon-kamera.jpg\" alt=\"icon-kamera\" width=\"30\" height=\"30\"><\/a><\/td>\n<td>AUT 203<\/td>\n<td>Kittinger Gerhard<\/td>\n<td>Kittinger Cornelia<\/td>\n<td>SCK\/SCK<\/td>\n<td style=\"text-align: center;\">&nbsp;WASTL<\/td>\n<td style=\"text-align: center;\">&nbsp;Wei\u00df<\/td>\n<td>&nbsp;<\/td>\n<\/tr>\n<tr>\n<td height=\"20\"><a href=\"http:\/\/www.aquila-austria.at\/wp-content\/uploads\/2013\/10\/kalhamer.jpg\" target=\"_blank\" rel=\"noopener noreferrer\"><img loading=\"lazy\" decoding=\"async\" src=\"http:\/\/www.aquila-austria.at\/wp-content\/uploads\/2013\/10\/icon-kamera.jpg\" alt=\"icon-kamera\" width=\"30\" height=\"30\"><\/a><\/td>\n<td>AUT 213<\/td>\n<td>Kalhamer Martin<\/td>\n<td>Kalhamer Christine<\/td>\n<td>SSC\/SSC<\/td>\n<td>&nbsp;<\/td>\n<td>&nbsp;<\/td>\n<td>&nbsp;<\/td>\n<\/tr>\n<tr>\n<td height=\"20\"><a href=\"http:\/\/www.aquila-austria.at\/wp-content\/uploads\/2013\/10\/novak.jpg\" target=\"_blank\" rel=\"noopener noreferrer\"><img loading=\"lazy\" decoding=\"async\" src=\"http:\/\/www.aquila-austria.at\/wp-content\/uploads\/2013\/10\/icon-kamera.jpg\" alt=\"icon-kamera\" width=\"30\" height=\"30\"><\/a><\/td>\n<td>AUT 216<\/td>\n<td>Novak Johann<\/td>\n<td>Lang Alfred<\/td>\n<td>OESV\/OESV<\/td>\n<td style=\"text-align: center;\">LEONCOR<\/td>\n<td style=\"text-align: center;\">Blau<\/td>\n<td>&nbsp;<\/td>\n<\/tr>\n<tr>\n<td height=\"20\"><a href=\"http:\/\/www.aquila-austria.at\/wp-content\/uploads\/2013\/10\/bauer.jpg\" target=\"_blank\" rel=\"noopener noreferrer\"><img loading=\"lazy\" decoding=\"async\" src=\"http:\/\/www.aquila-austria.at\/wp-content\/uploads\/2013\/10\/icon-kamera.jpg\" alt=\"icon-kamera\" width=\"30\" height=\"30\"><\/a><\/td>\n<td>AUT 220<\/td>\n<td>Bauer Peter<\/td>\n<td>&nbsp;<\/td>\n<td>SSC<\/td>\n<td>&nbsp;<\/td>\n<td>&nbsp;<\/td>\n<td>&nbsp;<\/td>\n<\/tr>\n<tr>\n<td height=\"20\"><a href=\"http:\/\/www.aquila-austria.at\/wp-content\/uploads\/2013\/10\/diernegger.jpg\" target=\"_blank\" rel=\"noopener noreferrer\"><img loading=\"lazy\" decoding=\"async\" src=\"http:\/\/www.aquila-austria.at\/wp-content\/uploads\/2013\/10\/icon-kamera.jpg\" alt=\"icon-kamera\" width=\"30\" height=\"30\"><\/a><\/td>\n<td>AUT 221<\/td>\n<td>Diernegger Herwig<\/td>\n<td>Steindl Reinhard<\/td>\n<td>OESV\/n.n.<\/td>\n<td style=\"text-align: center;\">&nbsp;<\/td>\n<td style=\"text-align: center;\">Wei\u00df<\/td>\n<td>&nbsp;<\/td>\n<\/tr>\n<tr>\n<td height=\"20\"><a href=\"http:\/\/www.aquila-austria.at\/wp-content\/uploads\/2013\/10\/eder.jpg\" target=\"_blank\" rel=\"noopener noreferrer\"><img loading=\"lazy\" decoding=\"async\" src=\"http:\/\/www.aquila-austria.at\/wp-content\/uploads\/2013\/10\/icon-kamera.jpg\" alt=\"icon-kamera\" width=\"30\" height=\"30\"><\/a><\/td>\n<td>AUT 264<\/td>\n<td>Eder Karin<\/td>\n<td>Klinger Ursula<\/td>\n<td>SSC<\/td>\n<td style=\"text-align: center;\">SILBERPUDEL<\/td>\n<td style=\"text-align: center;\">Silber<\/td>\n<td>&nbsp;<\/td>\n<\/tr>\n<tr>\n<td height=\"20\"><a href=\"http:\/\/www.aquila-austria.at\/wp-content\/uploads\/2013\/10\/icon-kamera-grey.jpg\"><img loading=\"lazy\" decoding=\"async\" src=\"http:\/\/www.aquila-austria.at\/wp-content\/uploads\/2013\/10\/icon-kamera-grey.jpg\" alt=\"icon-kamera-grey\" width=\"30\" height=\"30\"><\/a><\/td>\n<td>AUT 333<\/td>\n<td>Elhaf Guido<\/td>\n<td>&nbsp;<\/td>\n<td>&nbsp;<\/td>\n<td>&nbsp;<\/td>\n<td>&nbsp;<\/td>\n<td>&nbsp;<\/td>\n<\/tr>\n<tr>\n<td height=\"20\"><a href=\"http:\/\/www.aquila-austria.at\/wp-content\/uploads\/2013\/10\/icon-kamera-grey.jpg\"><img loading=\"lazy\" decoding=\"async\" src=\"http:\/\/www.aquila-austria.at\/wp-content\/uploads\/2013\/10\/icon-kamera-grey.jpg\" alt=\"icon-kamera-grey\" width=\"30\" height=\"30\"><\/a><\/td>\n<td>AUT 337<\/td>\n<td>K\u00f6ltringer Hermann<\/td>\n<td>Fleischer Albert<\/td>\n<td>SCM\/SCM<\/td>\n<td>&nbsp;<\/td>\n<td>&nbsp;<\/td>\n<td>&nbsp;<\/td>\n<\/tr>\n<tr>\n<td height=\"20\"><a href=\"wp-content\/uploads\/2013\/10\/aut425.jpg\" target=\"_blank\" rel=\"noopener noreferrer\"><img loading=\"lazy\" decoding=\"async\" src=\"http:\/\/www.aquila-austria.at\/wp-content\/uploads\/2013\/10\/icon-kamera.jpg\" alt=\"icon-kamera\" width=\"30\" height=\"30\"><\/a><\/td>\n<td>AUT 425<\/td>\n<td>Kirchmayr Dorothea<\/td>\n<td>Kirchmayr Gerald<\/td>\n<td>UYCAS\/UYCAS<\/td>\n<td style=\"text-align: center;\">&nbsp;ON Y VA!<\/td>\n<td>&nbsp;<\/td>\n<td>&nbsp;<\/td>\n<\/tr>\n<tr>\n<td height=\"20\"><a href=\"wp-content\/uploads\/2013\/10\/aut449.jpg\" target=\"_blank\" rel=\"noopener noreferrer\"><img loading=\"lazy\" decoding=\"async\" src=\"http:\/\/www.aquila-austria.at\/wp-content\/uploads\/2013\/10\/icon-kamera.jpg\" alt=\"icon-kamera\" width=\"30\" height=\"30\"><\/a><\/td>\n<td>AUT 449<\/td>\n<td>Gmachtl Horst<\/td>\n<td>&nbsp;<\/td>\n<td>&nbsp;<\/td>\n<td>&nbsp;<\/td>\n<td>&nbsp;<\/td>\n<td>&nbsp;<\/td>\n<\/tr>\n<tr>\n<td height=\"20\"><a href=\"wp-content\/uploads\/2013\/10\/aut749.jpg\" target=\"_blank\" rel=\"noopener noreferrer\"><img loading=\"lazy\" decoding=\"async\" src=\"http:\/\/www.aquila-austria.at\/wp-content\/uploads\/2013\/10\/icon-kamera.jpg\" alt=\"icon-kamera\" width=\"30\" height=\"30\"><\/a><\/td>\n<td>AUT 749<\/td>\n<td>Toumbalev Theodor<\/td>\n<td>Hausjell Siegfried<\/td>\n<td>FORST\/FORST<\/td>\n<td style=\"text-align: center;\">APOLONIA<\/td>\n<td style=\"text-align: center;\">Blau<\/td>\n<td>&nbsp;<\/td>\n<\/tr>\n<tr>\n<td height=\"20\"><a href=\"http:\/\/www.aquila-austria.at\/wp-content\/uploads\/2013\/10\/fink1.jpg\" target=\"_blank\" rel=\"noopener noreferrer\"><img loading=\"lazy\" decoding=\"async\" src=\"http:\/\/www.aquila-austria.at\/wp-content\/uploads\/2013\/10\/icon-kamera.jpg\" alt=\"icon-kamera\" width=\"30\" height=\"30\"><\/a><\/td>\n<td>AUT 768<\/td>\n<td>Fink Franz<\/td>\n<td>Liebe-Kreuzner Matthias Manuel<\/td>\n<td>OESV\/SC Hartberg<\/td>\n<td style=\"text-align: center;\">&nbsp;SOPHIE<\/td>\n<td style=\"text-align: center;\">Blau<\/td>\n<td>&nbsp;<\/td>\n<\/tr>\n<tr>\n<td height=\"20\"><a href=\"http:\/\/www.aquila-austria.at\/wp-content\/uploads\/2013\/10\/lorenz.jpg\" target=\"_blank\" rel=\"noopener noreferrer\"><img loading=\"lazy\" decoding=\"async\" src=\"http:\/\/www.aquila-austria.at\/wp-content\/uploads\/2013\/10\/icon-kamera.jpg\" alt=\"icon-kamera\" width=\"30\" height=\"30\"><\/a><\/td>\n<td>AUT 939<\/td>\n<td>Lorenz Anton<\/td>\n<td>Totzauer Wenzel<\/td>\n<td>SCAMS\/n.n.<\/td>\n<td style=\"text-align: center;\">&nbsp;AQUAFIT<\/td>\n<td style=\"text-align: center;\">Wei\u00df<\/td>\n<td>&nbsp;<\/td>\n<\/tr>\n<tr>\n<td height=\"20\"><a href=\"http:\/\/www.aquila-austria.at\/wp-content\/uploads\/2013\/10\/otter.jpg\" target=\"_blank\" rel=\"noopener noreferrer\"><img loading=\"lazy\" decoding=\"async\" src=\"http:\/\/www.aquila-austria.at\/wp-content\/uploads\/2013\/10\/icon-kamera.jpg\" alt=\"icon-kamera\" width=\"30\" height=\"30\"><\/a><\/td>\n<td>AUT 2000<\/td>\n<td>Otter Raoul<\/td>\n<td>Otter Maria<\/td>\n<td>YCO\/YCO<\/td>\n<td style=\"text-align: center;\">high five<\/td>\n<td style=\"text-align: center;\">Wei\u00df<\/td>\n<td>&nbsp;<\/td>\n<\/tr>\n<tr>\n<td height=\"20\"><a href=\"wp-content\/uploads\/2013\/10\/aut222.jpg\" target=\"_blank\" rel=\"noopener noreferrer\"><img loading=\"lazy\" decoding=\"async\" src=\"http:\/\/www.aquila-austria.at\/wp-content\/uploads\/2013\/10\/icon-kamera.jpg\" alt=\"icon-kamera\" width=\"30\" height=\"30\"><\/a><\/td>\n<td>AUT 2001<\/td>\n<td>Beidl Thomas<\/td>\n<td>Redtenbacher Felix<\/td>\n<td>FORSt\/FORSt<\/td>\n<td style=\"text-align: center;\">&nbsp;<\/td>\n<td style=\"text-align: center;\">Wei\u00df<\/td>\n<td>&nbsp;<\/td>\n<\/tr>\n<tr>\n<td height=\"20\"><a href=\"wp-content\/uploads\/2013\/10\/aut222.jpg\" target=\"_blank\" rel=\"noopener noreferrer\"><img loading=\"lazy\" decoding=\"async\" src=\"http:\/\/www.aquila-austria.at\/wp-content\/uploads\/2013\/10\/icon-kamera.jpg\" alt=\"icon-kamera\" width=\"30\" height=\"30\"><\/a><\/td>\n<td>AUT 2002<\/td>\n<td>Kimmeswenger Christian<\/td>\n<td>Kimmeswenger Monika<\/td>\n<td>SCK\/SCK<\/td>\n<td style=\"text-align: center;\">fancy coconut<\/td>\n<td style=\"text-align: center;\">Wei\u00df<\/td>\n<td>&nbsp;<\/td>\n<\/tr>\n<\/tbody>\n<\/table>\n","protected":false},"excerpt":{"rendered":"<p>\u00dcbersicht aktiver Regattasegler (der letzten Jahre) innerhalb der \u00d6sterreichischen Klassenvereinigung. Fehlende Daten bzw. Bilder zum Erg\u00e4nzen k\u00f6nnen per EMail an die \u00d6sterreichische Klassenvereinigung gesendet werden. &nbsp; Segel# Steuermann Vorschoter Club Name Farbe &nbsp; AUT 11 Wolf Harald &nbsp; SCK &nbsp; &nbsp; &nbsp; AUT 29 Walisch Fritz Bsirsky Edgar YESStP\/SCK PUNTA Rot &nbsp; AUT 34 Wicht [&hellip;]<\/p>\n","protected":false},"author":2081,"featured_media":0,"parent":0,"menu_order":0,"comment_status":"closed","ping_status":"closed","template":"","meta":{"_bbp_topic_count":0,"_bbp_reply_count":0,"_bbp_total_topic_count":0,"_bbp_total_reply_count":0,"_bbp_voice_count":0,"_bbp_anonymous_reply_count":0,"_bbp_topic_count_hidden":0,"_bbp_reply_count_hidden":0,"_bbp_forum_subforum_count":0,"ngg_post_thumbnail":0,"footnotes":""},"class_list":["post-801","page","type-page","status-publish","czr-hentry"],"_links":{"self":[{"href":"https:\/\/www.aquila-austria.at\/index.php?rest_route=\/wp\/v2\/pages\/801","targetHints":{"allow":["GET"]}}],"collection":[{"href":"https:\/\/www.aquila-austria.at\/index.php?rest_route=\/wp\/v2\/pages"}],"about":[{"href":"https:\/\/www.aquila-austria.at\/index.php?rest_route=\/wp\/v2\/types\/page"}],"author":[{"embeddable":true,"href":"https:\/\/www.aquila-austria.at\/index.php?rest_route=\/wp\/v2\/users\/2081"}],"replies":[{"embeddable":true,"href":"https:\/\/www.aquila-austria.at\/index.php?rest_route=%2Fwp%2Fv2%2Fcomments&post=801"}],"version-history":[{"count":67,"href":"https:\/\/www.aquila-austria.at\/index.php?rest_route=\/wp\/v2\/pages\/801\/revisions"}],"predecessor-version":[{"id":13888,"href":"https:\/\/www.aquila-austria.at\/index.php?rest_route=\/wp\/v2\/pages\/801\/revisions\/13888"}],"wp:attachment":[{"href":"https:\/\/www.aquila-austria.at\/index.php?rest_route=%2Fwp%2Fv2%2Fmedia&parent=801"}],"curies":[{"name":"wp","href":"https:\/\/api.w.org\/{rel}","templated":true}]}}