{"id":7010,"date":"2021-08-18T10:32:34","date_gmt":"2021-08-18T09:32:34","guid":{"rendered":"https:\/\/www.aquila-austria.at\/?page_id=7010"},"modified":"2021-08-18T10:32:34","modified_gmt":"2021-08-18T09:32:34","slug":"neuen-benutzer-anlegen","status":"publish","type":"page","link":"https:\/\/www.aquila-austria.at\/?page_id=7010","title":{"rendered":"Neuen Benutzer anlegen"},"content":{"rendered":"<div id=\"wpmem_reg\"><a id=\"register\"><\/a><form name=\"form\" method=\"post\" action=\"https:\/\/www.aquila-austria.at\/?page_id=7010\" id=\"wpmem_register_form\" class=\"form\"><input type=\"hidden\" id=\"_wpmem_register_nonce\" name=\"_wpmem_register_nonce\" value=\"6adce0f68f\" \/><input type=\"hidden\" name=\"_wp_http_referer\" value=\"\/index.php?rest_route=%2Fwp%2Fv2%2Fpages%2F7010\" \/><fieldset><legend>Registrieren<\/legend><label for=\"username\" class=\"text\">Einen Benutzernamen ausw\u00e4hlen<span class=\"req\">*<\/span><\/label><div class=\"div_text\"><input name=\"username\" type=\"text\" id=\"username\" value=\"\" class=\"textbox\" required  \/><\/div><label for=\"user_email\" class=\"text\">E-Mail<span class=\"req\">*<\/span><\/label><div class=\"div_text\"><input name=\"user_email\" type=\"text\" id=\"user_email\" value=\"\" class=\"textbox\" required  \/><\/div><label for=\"funktion\" class=\"select\">Steuermann\/Vorschoter<\/label><div class=\"div_select\"><select name=\"funktion\" id=\"funktion\" class=\"dropdown\"><option value=\"\">bitte ausw\u00e4hlen<\/option><option value=\"Steuermann\">Steuermann<\/option><option value=\"Vorschoter\">Vorschoter<\/option><\/select><\/div><label for=\"segelclub\" class=\"text\">Segelclub<\/label><div class=\"div_text\"><input name=\"segelclub\" type=\"text\" id=\"segelclub\" value=\"\" class=\"textbox\" \/><\/div><label for=\"addr1\" class=\"text\">Stra\u00dfe \/ Hausnummer<\/label><div class=\"div_text\"><input name=\"addr1\" type=\"text\" id=\"addr1\" value=\"\" class=\"textbox\" \/><\/div><label for=\"city\" class=\"text\">Stadt<\/label><div class=\"div_text\"><input name=\"city\" type=\"text\" id=\"city\" value=\"\" class=\"textbox\" \/><\/div><label for=\"zip\" class=\"text\">PLZ<\/label><div class=\"div_text\"><input name=\"zip\" type=\"text\" id=\"zip\" value=\"\" class=\"textbox\" \/><\/div><label for=\"country\" class=\"text\">Land<\/label><div class=\"div_text\"><input name=\"country\" type=\"text\" id=\"country\" value=\"\" class=\"textbox\" \/><\/div><label for=\"phone1\" class=\"text\">Telefon<\/label><div class=\"div_text\"><input name=\"phone1\" type=\"text\" id=\"phone1\" value=\"\" class=\"textbox\" \/><\/div><p id=\"first_name-p\"><label id=\"first_name-label\" for=\"first_name\">Vorname<br \/><input type=\"text\" name=\"first_name\" id=\"first_name\" class=\"input\" value=\"\" \/><\/label><\/p><p id=\"last_name-p\"><label id=\"last_name-label\" for=\"last_name\">Nachname<br \/><input type=\"text\" name=\"last_name\" id=\"last_name\" class=\"input\" value=\"\" \/><\/label><\/p><p id=\"pass1-p\"><label id=\"pass1-label\" for=\"pass1\">Passwort<br \/><input type=\"password\" autocomplete=\"off\" name=\"pass1\" id=\"pass1\" \/><\/label><\/p><p id=\"pass2-p\"><label id=\"pass2-label\" for=\"pass2\">Passwort-Best\u00e4tigung<br \/><input type=\"password\" autocomplete=\"off\" name=\"pass2\" id=\"pass2\" \/><\/label><\/p><p id=\"pass_strength_msg\">Dein Passwort muss mindestens 5 Zeichen lang sein. Um ein starkes Passwort zu erhalten, solltest du Gro\u00df- und Kleinschreibung, Zahlen sowie die Symbole !@#$%^&amp;*() benutzen.<\/p><div class=\"frc-captcha \" data-sitekey=\"FCMOSVT1ERN4S5H5\" data-lang=\"de\" ><\/div><noscript>You need to enable Javascript for the anti-spam check.<\/noscript><style>.frc-captcha {max-width:100%;}<\/style><input name=\"a\" type=\"hidden\" value=\"register\" \/><input name=\"wpmem_reg_page\" type=\"hidden\" value=\"https:\/\/www.aquila-austria.at\/?page_id=7010\" \/><div class=\"button_div\"><input name=\"submit\" type=\"submit\" value=\"Registrieren\" class=\"buttons\" \/><\/div><div class=\"req-text\"><span class=\"req\">*<\/span>Pflichtfeld<\/div><\/fieldset><\/form><\/div>\n<\/p>\n<h3>Information<\/h3>\n<p>Du kannst Dich Anmelden, sobald der Registreriungs-Vorgang abgeschlossen ist. Nat\u00fcrlich k\u00f6nnen sich auch G\u00e4ste an unserem Webauftritt registrieren.<\/p>\n<p>\n<p>&nbsp;<\/p>\n","protected":false},"excerpt":{"rendered":"<p>&nbsp;<\/p>\n","protected":false},"author":2081,"featured_media":0,"parent":0,"menu_order":0,"comment_status":"closed","ping_status":"closed","template":"","meta":{"_bbp_topic_count":0,"_bbp_reply_count":0,"_bbp_total_topic_count":0,"_bbp_total_reply_count":0,"_bbp_voice_count":0,"_bbp_anonymous_reply_count":0,"_bbp_topic_count_hidden":0,"_bbp_reply_count_hidden":0,"_bbp_forum_subforum_count":0,"ngg_post_thumbnail":0,"footnotes":""},"class_list":["post-7010","page","type-page","status-publish","czr-hentry"],"_links":{"self":[{"href":"https:\/\/www.aquila-austria.at\/index.php?rest_route=\/wp\/v2\/pages\/7010","targetHints":{"allow":["GET"]}}],"collection":[{"href":"https:\/\/www.aquila-austria.at\/index.php?rest_route=\/wp\/v2\/pages"}],"about":[{"href":"https:\/\/www.aquila-austria.at\/index.php?rest_route=\/wp\/v2\/types\/page"}],"author":[{"embeddable":true,"href":"https:\/\/www.aquila-austria.at\/index.php?rest_route=\/wp\/v2\/users\/2081"}],"replies":[{"embeddable":true,"href":"https:\/\/www.aquila-austria.at\/index.php?rest_route=%2Fwp%2Fv2%2Fcomments&post=7010"}],"version-history":[{"count":1,"href":"https:\/\/www.aquila-austria.at\/index.php?rest_route=\/wp\/v2\/pages\/7010\/revisions"}],"predecessor-version":[{"id":7011,"href":"https:\/\/www.aquila-austria.at\/index.php?rest_route=\/wp\/v2\/pages\/7010\/revisions\/7011"}],"wp:attachment":[{"href":"https:\/\/www.aquila-austria.at\/index.php?rest_route=%2Fwp%2Fv2%2Fmedia&parent=7010"}],"curies":[{"name":"wp","href":"https:\/\/api.w.org\/{rel}","templated":true}]}}