{"id":5238,"date":"2018-05-24T13:25:18","date_gmt":"2018-05-24T12:25:18","guid":{"rendered":"http:\/\/www.aquila-austria.at\/?page_id=5238"},"modified":"2018-05-24T13:45:15","modified_gmt":"2018-05-24T12:45:15","slug":"datenschutzerklaerung","status":"publish","type":"page","link":"https:\/\/www.aquila-austria.at\/?page_id=5238","title":{"rendered":"Datenschutzerkl\u00e4rung"},"content":{"rendered":"<h3 style=\"text-align: center;\">Aquila Association Austria<\/h3>\n<p style=\"text-align: center;\"><strong>EINLEITUNG<\/strong><\/p>\n<p>Im Folgenden informieren wir Sie \u00fcber die Erhebung personenbezogener Daten bei Nutzung unserer Webseite. Personenbezogene Daten sind alle Daten, die sich auf Sie pers\u00f6nlich beziehen, wie beispielsweise Name, Anschrift, Telefonnummer, Geburtsdatum, E-Mail-Adresse, Nutzerverhalten, etc.<\/p>\n<p>Wir verarbeiten Ihre Daten ausschlie\u00dflich auf Grundlage der gesetzlichen Bestimmungen (Datenschutz-Grundverordnung und Datenschutzgesetz in der Fassung des Datenschutzgesetz-Anpassungsgesetzes, BGBl.&nbsp;I Nr.&nbsp;120\/2017). Der Schutz Ihrer pers\u00f6nlichen Daten ist uns sehr wichtig.<\/p>\n<p style=\"text-align: center;\"><strong>VERANTWORTLICHE STELLE<\/strong><\/p>\n<p>Verantwortlicher gem\u00e4\u00df&nbsp;Art&nbsp;4&nbsp;Abs&nbsp;7&nbsp; Datenschutz-Grundverordnung (DSGVO) ist:<\/p>\n<table class=\"table\">\n<tbody>\n<tr>\n<td width=\"132\">Name:<\/td>\n<td width=\"478\">Raoul Otter<\/td>\n<\/tr>\n<tr>\n<td width=\"132\">Anschrift:<\/td>\n<td width=\"478\">Burenstr. 35b, 8020 Graz<\/td>\n<\/tr>\n<tr>\n<td width=\"132\">E-Mail-Adresse:<\/td>\n<td width=\"478\"><a>raoul.otter@granit-bau.at<\/a><\/td>\n<\/tr>\n<\/tbody>\n<\/table>\n<p>&nbsp;<\/p>\n<p style=\"text-align: center;\"><strong>ERHEBUNG UND VERWENDUNG PERSONENBEZOGENER DATEN<\/strong><\/p>\n<p>Bei Kontaktaufnahme mit uns per E-Mail oder \u00fcber ein Kontaktformular werden die von Ihnen freiwillig angegebenen Daten (Ihre E-Mail-Adresse, gegebenenfalls Ihr Name, Ihre Anschrift und Ihre Telefonnummer) von uns gespeichert, um Ihre Anfrage zu beantworten.<\/p>\n<p>Neben der Nutzung unserer Webseite bieten wir zus\u00e4tzlich verschiedene Leistungen an. Zur Erbringung dieser jeweiligen Leistungen m\u00fcssen Sie uns in der Regel weitere personenbezogene Daten angeben.<\/p>\n<p>Die in diesem Zusammenhang von Ihnen bekanntgegebenen Daten l\u00f6schen wir, nachdem die Speicherung nicht mehr erforderlich ist oder schr\u00e4nken die Verarbeitung ein, sofern gesetzliche Aufbewahrungspflichten bestehen. Nach Ablauf der gesetzlichen Aufbewahrungspflichten werden Ihre Daten gel\u00f6scht, sofern Sie nicht ausdr\u00fccklich in eine weitere Nutzung eingewilligt haben oder keine rechtliche Grundlage mehr zur weiteren Verarbeitung Ihrer Daten besteht.<\/p>\n<p style=\"text-align: center;\"><strong>DATENERHEBUNG BEI BESUCH UNSERER WEBSEITE<\/strong><\/p>\n<p>Bei einem blo\u00dfen Besuch unserer Webseite, also wenn Sie weder ein Kontakt- oder Bestellformular ausf\u00fcllen oder uns anderweitig Informationen \u00fcbermitteln, erheben wir lediglich die Daten, die Ihr Browser an unseren Server \u00fcbermittelt. Es werden von uns lediglich jene Daten erhoben, die f\u00fcr uns technisch erforderlich sind, um Ihnen unsere Webseite anzuzeigen und um die Stabilit\u00e4t und Sicherheit unserer Webseite zu gew\u00e4hrleisten. Die Rechtsgrundlage daf\u00fcr stellt Art 6 Abs 1 lit f DSGVO dar.<\/p>\n<p>Folgende Daten werden von uns bei einem Besuch unserer Webseite erhoben:<\/p>\n<ul>\n<li>IP-Adresse<\/li>\n<li>Datum und Uhrzeit der Anfrage<\/li>\n<li>Zeitzonendifferenz zur Greenwich Mean Time (GMT)<\/li>\n<li>Inhalt der Anforderung (konkrete Seite)<\/li>\n<li>Zugriffsstatus\/HTTP-Statuscode<\/li>\n<li>jeweils \u00fcbertragene Datenmenge<\/li>\n<li>Webseite, von der die Anforderung kommt<\/li>\n<li>Browser<\/li>\n<li>Betriebssystem und dessen Oberfl\u00e4che<\/li>\n<li>Sprache und Version der Browsersoftware<\/li>\n<\/ul>\n<p style=\"text-align: center;\"><strong>VERWENDUNG VON COOKIES<\/strong><\/p>\n<p>Zus\u00e4tzlich zu den oben genannten Daten werden durch die Nutzung unserer Webseite Cookies auf Ihrem Rechner gespeichert, wobei ausschlie\u00dflich Cookies gesetzt werden, die unbedingt erforderlich sind. Cookies sind kleine Textdateien, die auf Ihrer Festplatte gespeichert werden, um den Besuch unserer Webseite f\u00fcr Sie attraktiv zu gestalten und Ihnen die optimale Nutzung bestimmter angebotener Funktionen und Services zu erm\u00f6glichen. Cookies k\u00f6nnen keine Programme ausf\u00fchren oder Viren auf Ihren Computer \u00fcbertragen. Sie dienen insbesondere dazu, unser Internetangebot insgesamt benutzerfreundlicher und effektiver zu machen.<\/p>\n<p>Unsere Webseite nutzt Session Cookies und Persistente Cookies, welche wir Ihnen nachfolgend erl\u00e4utern d\u00fcrfen.<\/p>\n<p>Session Cookies werden automatisiert gel\u00f6scht, wenn Sie Ihren Browser schlie\u00dfen. Session Cookies speichern eine sogenannte Session-ID, mit welcher sich verschiedene Anfragen Ihres Browsers der gemeinsamen Sitzung zuordnen lassen. Durch die Speicherung ist es uns m\u00f6glich Ihren Rechner bei Folgebesuchen wiederzuerkennen. Session-Cookies werden gel\u00f6scht, wenn Sie sich ausloggen oder Ihren Browser schlie\u00dfen.<\/p>\n<p>Persistente Cookies werden nach einer vorgegebenen Dauer, die sich je nach Cookie unterscheiden kann, automatisiert gel\u00f6scht. Die Dauer der Speicherung finden Sie in der \u00dcbersicht in den Cookie-Einstellungen Ihres Browsers. Sie k\u00f6nnen zudem in den Sicherheitseinstellungen Ihres Browsers diese Cookies jederzeit l\u00f6schen.<\/p>\n<p>Es ist m\u00f6glich, Ihre Browser-Einstellung so zu konfigurieren, dass beispielsweise die Annahme von Cookies abgelehnt wird. Falls Sie wissen m\u00f6chten, wie Sie diese Schritte setzen k\u00f6nnen, ben\u00fctzen Sie bitte die Hilfe-Funktion in Ihrem Browser.<\/p>\n<p>Wir weisen Sie jedoch darauf hin, dass Sie bei Nichtannahme von Cookies unter Umst\u00e4nden nicht alle Funktionen unserer Webseite nutzen k\u00f6nnen.<\/p>\n<p style=\"text-align: center;\"><strong>WEITERGABE VON DATEN<\/strong><\/p>\n<p>Im Rahmen der Auftragsabwicklung und der Vertragserf\u00fcllung geben wir Ihre Daten an von uns beauftragte Dienstleister weiter, insbesondere an Versandunternehmen und Kreditinstitute, sofern dies zur Lieferung und Bezahlung der bestellten Leistung, erforderlich ist. F\u00fcr die Abwicklung von Zahlungen geben wir die erhobenen Zahlungsdaten an beauftragte Kreditinstitute und gegebenenfalls an beauftragte Zahlungsdienstleister weiter. Beauftragte Versandunternehmen erhalten, sofern Sie dazu Ihre ausdr\u00fcckliche Einwilligung erteilt haben, von uns unter anderem Ihre E-Mail-Adresse und Ihre Telefonnummer, damit sich diese vor Zustellung mit Ihnen hinsichtlich einer Lieferank\u00fcndigung bzw. -abstimmung in Verbindung setzen k\u00f6nnen.<\/p>\n<p>Ferner geben wir Daten von Ihnen, zur Erf\u00fcllung unserer steuerlichen Verpflichtungen, an unseren Steuerberater weiter.<\/p>\n<p>Eine von Ihnen erteilte Einwilligung k\u00f6nnen Sie jederzeit, ganz oder nur teilweise, unter den oben angef\u00fchrten Kontaktdaten widerrufen. Im Falle eines Widerrufs werden Ihre hierf\u00fcr angegebenen Daten von uns gel\u00f6scht, sofern diese nicht f\u00fcr andere Zwecke erforderlich sind oder Sie nicht ausdr\u00fccklich in eine weitere Verwendung Ihrer Daten eingewilligt haben. Ferner werden Ihre Daten gel\u00f6scht, sofern keine rechtliche Grundlage zur weiteren Verarbeitung Ihrer Daten besteht.<\/p>\n<p style=\"text-align: center;\"><strong>GOOGLE AddThis BOOKMARKING<\/strong><\/p>\n<p>Unsere Webseiten enthalten zudem AddThis-Plug-ins. Diese Plug-ins erm\u00f6glichen Ihnen das Setzen von Bookmarks bzw. das Teilen von interessanten Inhalten mit anderen Nutzern. \u00dcber die Plug-ins bieten wir Ihnen die M\u00f6glichkeit mit den sozialen Netzwerken und anderen Nutzern zu interagieren, so dass wir unser Angebot verbessern und f\u00fcr Sie als Nutzer interessanter ausgestalten k\u00f6nnen. Rechtsgrundlage f\u00fcr die Nutzung der Plug-ins ist Art&nbsp;6&nbsp;Abs&nbsp;1&nbsp;S&nbsp;1&nbsp;lit&nbsp;f&nbsp;DSGVO.<\/p>\n<p>\u00dcber diese Plug-ins baut Ihr Internetbrowser eine direkte Verbindung mit den Servern&nbsp; von AddThis und gegebenenfalls dem gew\u00e4hlten sozialen Netzwerk- oder Bookmarking-Dienst auf. Die Empf\u00e4nger erhalten die Information, dass Sie die entsprechende Webseite unseres Online-Angebots aufgerufen haben und die unter Punkt&nbsp;1.2 dieser Erkl\u00e4rung genannten Daten. Diese Informationen werden auf den Servern von AddThis in den USA verarbeitet. Wenn Sie Inhalte auf unserer Webseite auf soziale Netzwerke oder Bookmarking-Dienste senden, kann eine Verbindung zwischen dem Besuch unserer Webseite und Ihrem Nutzerprofil bei dem entsprechenden Netzwerk hergestellt werden. Wir haben weder Einfluss auf die erhobenen Daten und Datenverarbeitungsvorg\u00e4nge, noch sind uns der volle Umfang der Datenerhebung, die Zwecke der Verarbeitung, die Speicherfristen bekannt. Auch zur L\u00f6schung der erhobenen Daten durch den Plug-in-Anbieter liegen uns keine Informationen vor.<\/p>\n<p>Der Plug-in-Anbieter speichert diese Daten als Nutzungsprofile und nutzt diese f\u00fcr Zwecke der Werbung, Marktforschung und\/oder bedarfsgerechten Gestaltung seiner Webseite. Eine solche Auswertung erfolgt insbesondere (selbst f\u00fcr nicht eingeloggte Nutzer) zur Erbringung von bedarfsgerechter Werbung und um andere Nutzer des sozialen Netzwerks \u00fcber Ihre Aktivit\u00e4ten auf unserer Webseite zu informieren. Ihnen steht ein Widerspruchsrecht zu gegen die Bildung dieser Nutzerprofile, wobei Sie sich zur Aus\u00fcbung dessen an den jeweiligen Plug-in-Anbieter richten m\u00fcssen.<\/p>\n<p>Wenn Sie nicht an diesem Verfahren teilnehmen m\u00f6chten, k\u00f6nnen Sie der Datenerhebung und -speicherung jederzeit durch Setzen eines Opt-out-Cookies mit Wirkung f\u00fcr die Zukunft widersprechen: <a href=\"http:\/\/www.addthis.com\/privacy\/opt-out\">http:\/\/www.addthis.com\/privacy\/opt-out<\/a>. Alternativ k\u00f6nnen Sie Ihren Browser so einstellen, dass er das Setzen eines Cookies verhindert.<\/p>\n<p>Weitere Informationen zu Zweck und Umfang der Datenerhebung und ihrer Verarbeitung durch den Plug-in-Anbieter sowie weitere Informationen zu Ihren diesbez\u00fcglichen Rechten und Einstellungsm\u00f6glichkeiten zum Schutze Ihrer Privatsph\u00e4re erhalten Sie bei: AddThis&nbsp;LLC, 1595&nbsp;Spring Hill Road, Sweet&nbsp;300, Vienna, VA&nbsp;22182, USA, <a href=\"http:\/\/www.addthis.com\/privacy\">www.addthis.com\/privacy<\/a>.<\/p>\n<p style=\"text-align: center;\"><strong>EINBINDUNG VON GOOGLE MAPS<\/strong><\/p>\n<p>Auf dieser Webseite nutzen wir das Angebot von Google Maps. Dadurch k\u00f6nnen wir Ihnen interaktive Karten direkt in der Webseite anzeigen und erm\u00f6glichen Ihnen die komfortable Nutzung der Karten-Funktion.<\/p>\n<p>Durch den Besuch auf der Webseite erh\u00e4lt Google die Informationen, dass Sie die entsprechende Unterseite unserer Webseite aufgerufen haben. Dies erfolgt unabh\u00e4ngig davon, ob Google ein Nutzerkonto bereitstellt, \u00fcber das Sie eingeloggt sind, oder ob kein Nutzerkonto besteht. Wenn Sie bei Google eingeloggt sind, werden Ihre Daten direkt Ihrem Konto zugeordnet. Wenn Sie die Zuordnung mit Ihrem Profil bei Google nicht w\u00fcnschen, m\u00fcssen Sie sich vor Aktivierung des Buttons ausloggen. Google speichert Ihre Daten als Nutzungsprofile und nutzt sie f\u00fcr Zwecke der Werbung, Marktforschung und\/oder bedarfsgerechten Gestaltung seiner Webseite. Eine solche Auswertung erfolgt insbesondere (selbst f\u00fcr nicht eingeloggte Nutzer) zur Erbringung von bedarfsgerechter Werbung und um andere Nutzer des sozialen Netzwerks \u00fcber Ihre Aktivit\u00e4ten auf unserer Webseite zu informieren. Ihnen steht ein Widerspruchsrecht gegen die Bildung dieser Nutzerprofile, wobei Sie sich zur Aus\u00fcbung dessen an Google richten m\u00fcssen, zu.<\/p>\n<p>Weitere Informationen zu Zweck und Umfang der Datenerhebung und ihrer Verarbeitung durch den Plug-in-Anbieter erhalten Sie in den Datenschutzerkl\u00e4rungen des Anbieters. Dort erhalten Sie auch weitere Informationen zu Ihren diesbez\u00fcglichen Rechten und Einstellungsm\u00f6glichkeiten zum Schutze Ihrer Privatsph\u00e4re: <a href=\"http:\/\/www.google.de\/intl\/de\/policies\/privacy\">http:\/\/www.google.de\/Privacy<\/a>. Google verarbeitet Ihre personenbezogenen Daten auch in den USA und hat sich dem EU-US-Privacy Shield unterworfen, <a href=\"https:\/\/www.privacyshield.gov\/EU-US-Framework\">https:\/\/www.privacyshield.gov\/EU-US-Framework<\/a>.<\/p>\n<p style=\"text-align: center;\"><strong>WORD PRESS<\/strong><\/p>\n<p>Unsere Webseite benutzt WordPress Stats, einen Dienst der Firma Automattic, Inc., 60 29th Street 343, San Francisco, CA 94110-4929, USA. WordPress Stats verwendet unter anderem Cookies, die auf Ihrem Computer gespeichert werden und die eine Analyse der Benutzung der Webseite erm\u00f6glicht. Im Rahmen der Benutzung k\u00f6nnen Daten, wie insbesondere die IP-Adresse und Aktivit\u00e4ten der Nutzer an einen Server der Firma Automattic, Inc. \u00fcbermittelt und dort gespeichert werden. Die Automattic, Inc. wird diese Informationen gegebenenfalls an Dritte \u00fcbertragen, sofern dies gesetzlich vorgeschrieben ist oder soweit eine Verarbeitung dieser Daten durch Dritte stattfindet. Sie k\u00f6nnen die Erfassung und Weiterleitung personenbezogenen Daten (insb. Ihrer IP-Adresse) sowie die Verarbeitung dieser Daten verhindern, indem sie die Ausf\u00fchrung von Java-Script in Ihrem Browser deaktivieren oder ein Tool wie \u201aNoScript\u2018 installieren. Weiterf\u00fchrende Informationen zum Datenschutz bei der Nutzung von WordPress Stats k\u00f6nnen Sie unter dem nachfolgenden Link abrufen:&nbsp;<a href=\"http:\/\/automattic.com\/privacy\/\">http:\/\/automattic.com\/privacy\/<\/a>.<\/p>\n<p style=\"text-align: center;\"><strong>BETROFFENENRECHTE<\/strong><\/p>\n<p>Hinweis auf Ihre Rechte als Betroffener:<\/p>\n<ul>\n<li>Rechte auf Auskunft iSd Art&nbsp;15 DSGVO,<\/li>\n<li>Recht auf Berichtigung oder L\u00f6schung iSd Art&nbsp;16 und Art&nbsp;17 DSGVO,<\/li>\n<li>Recht auf Einschr\u00e4nkung der Verarbeitung iSd Art&nbsp;18 DSGVO,<\/li>\n<li>Recht auf Daten\u00fcbertragbarkeit iSd Art&nbsp;20 DSGVO,<\/li>\n<li>Recht auf Widerspruch gegen die Verarbeitung iSd Art&nbsp;21 DSGVO.<\/li>\n<\/ul>\n<p>&nbsp;<\/p>\n<p>Ihre oben genannten Rechte k\u00f6nnen Sie jederzeit, ganz oder nur teilweise, durch formloses Schreiben, ohne Angabe von Gr\u00fcnden postalisch oder per E-Mail an die oben genannten Kontaktdaten der verantwortlichen Stelle bzw. des Datenschutzbeauftragen geltend machen.<\/p>\n<p>&nbsp;<\/p>\n<p>Wir ersuchen bei Aus\u00fcbung des Widerspruchs gegen die Verarbeitung Ihrer personenbezogener Daten, um Darlegung der Gr\u00fcnde, weshalb wir Ihre personenbezogenen Daten nicht mehr verarbeiten sollten. Im Falle Ihres begr\u00fcndeten Widerspruchs pr\u00fcfen wir die Sachlage und werden entweder die Verarbeitung Ihrer personenbezogener Daten beenden bzw. anpassen oder Ihnen unsere zwingenden schutzw\u00fcrdigen Gr\u00fcnde mitteilen, aufgrund derer wir die Datenverarbeitung fortf\u00fchren.<\/p>\n<p>Sofern Sie der Ansicht sind, dass die Verarbeitung Ihrer personenbezogenen Daten gegen das Datenschutzrecht verst\u00f6\u00dft oder Ihre datenschutzrechtlichen Anspr\u00fcche sonst in einer Weise verletzt worden sind, haben Sie dar\u00fcber hinaus das Recht, sich bei der sachlich zust\u00e4ndigen Aufsichtsbeh\u00f6rde zu beschweren.<\/p>\n<p style=\"text-align: center;\"><strong>WIDERSPRUCHSRECHT<\/strong><\/p>\n<p>Insofern wir zur Wahrung unserer im Rahmen einer Interessensabw\u00e4gung \u00fcberwiegenden berechtigten Interessen personenbezogene Daten verarbeiten, k\u00f6nnen Sie dieser Verarbeitung mit Wirkung f\u00fcr die Zukunft ohne Angabe von Gr\u00fcnden, vollst\u00e4ndig oder teilweise unter&nbsp;<a href=\"mailto:klassenvereinigung@aquila-austria.at\">klassenvereinigung@aquila-austria.at<\/a>&nbsp; widersprechen. Erfolgt die Verarbeitung zu Zwecken des Direktmarketings, k\u00f6nnen Sie dieses Recht jederzeit wie oben beschrieben aus\u00fcben. Soweit die Verarbeitung zu anderen Zwecken erfolgt, steht Ihnen ein Widerspruchsrecht nur bei Vorliegen von Gr\u00fcnden, die sich aus Ihrer h\u00f6chstpers\u00f6nlichen Situation ergeben, zu.<\/p>\n<p>Nach Aus\u00fcbung Ihres Widerspruchsrechts werden wir Ihre personenbezogenen Daten nicht weiter zu diesen Zwecken verarbeiten, es sei denn, wir k\u00f6nnen zwingende schutzw\u00fcrdige Gr\u00fcnde f\u00fcr die Verarbeitung nachweisen, die Ihre Interessen, Rechte und Freiheiten \u00fcberwiegen, oder wenn die Verarbeitung der Geltendmachung, Aus\u00fcbung oder Verteidigung von Rechtsanspr\u00fcchen dient.<\/p>\n","protected":false},"excerpt":{"rendered":"<p>Aquila Association Austria EINLEITUNG Im Folgenden informieren wir Sie \u00fcber die Erhebung personenbezogener Daten bei Nutzung unserer Webseite. Personenbezogene Daten sind alle Daten, die sich auf Sie pers\u00f6nlich beziehen, wie beispielsweise Name, Anschrift, Telefonnummer, Geburtsdatum, E-Mail-Adresse, Nutzerverhalten, etc. Wir verarbeiten Ihre Daten ausschlie\u00dflich auf Grundlage der gesetzlichen Bestimmungen (Datenschutz-Grundverordnung und Datenschutzgesetz in der Fassung des [&hellip;]<\/p>\n","protected":false},"author":2081,"featured_media":0,"parent":0,"menu_order":0,"comment_status":"closed","ping_status":"closed","template":"","meta":{"_bbp_topic_count":0,"_bbp_reply_count":0,"_bbp_total_topic_count":0,"_bbp_total_reply_count":0,"_bbp_voice_count":0,"_bbp_anonymous_reply_count":0,"_bbp_topic_count_hidden":0,"_bbp_reply_count_hidden":0,"_bbp_forum_subforum_count":0,"ngg_post_thumbnail":0,"footnotes":""},"class_list":["post-5238","page","type-page","status-publish","czr-hentry"],"_links":{"self":[{"href":"https:\/\/www.aquila-austria.at\/index.php?rest_route=\/wp\/v2\/pages\/5238","targetHints":{"allow":["GET"]}}],"collection":[{"href":"https:\/\/www.aquila-austria.at\/index.php?rest_route=\/wp\/v2\/pages"}],"about":[{"href":"https:\/\/www.aquila-austria.at\/index.php?rest_route=\/wp\/v2\/types\/page"}],"author":[{"embeddable":true,"href":"https:\/\/www.aquila-austria.at\/index.php?rest_route=\/wp\/v2\/users\/2081"}],"replies":[{"embeddable":true,"href":"https:\/\/www.aquila-austria.at\/index.php?rest_route=%2Fwp%2Fv2%2Fcomments&post=5238"}],"version-history":[{"count":3,"href":"https:\/\/www.aquila-austria.at\/index.php?rest_route=\/wp\/v2\/pages\/5238\/revisions"}],"predecessor-version":[{"id":5241,"href":"https:\/\/www.aquila-austria.at\/index.php?rest_route=\/wp\/v2\/pages\/5238\/revisions\/5241"}],"wp:attachment":[{"href":"https:\/\/www.aquila-austria.at\/index.php?rest_route=%2Fwp%2Fv2%2Fmedia&parent=5238"}],"curies":[{"name":"wp","href":"https:\/\/api.w.org\/{rel}","templated":true}]}}