{"id":4609,"date":"2017-05-08T07:10:43","date_gmt":"2017-05-08T06:10:43","guid":{"rendered":"http:\/\/www.aquila-austria.at\/?page_id=4609"},"modified":"2024-01-14T20:49:46","modified_gmt":"2024-01-14T19:49:46","slug":"agb","status":"publish","type":"page","link":"https:\/\/www.aquila-austria.at\/?page_id=4609","title":{"rendered":"Allgemeine Gesch\u00e4ftsbedingungen (AGB) f\u00fcr das Bestellsystem der Aquila Association Austria"},"content":{"rendered":"<ol>\n<li><strong>Geltungsbereich<\/strong> Diese Allgemeinen Gesch\u00e4ftsbedingungen gelten f\u00fcr alle Bestellungen, die \u00fcber das Bestellsystem der Aquila Association Austria aufgegeben werden.<\/li>\n<li><strong>Bestellsystem<\/strong> Das Bestellsystem der Aquila Association Austria dient der Vermittlung von Bestellungen von Clubkleidung und anderen Artikeln zwischen den Mitgliedern der Klassenvereinigung und den ausgew\u00e4hlten Vertriebspartnern.<\/li>\n<li><strong>Vertragspartner<\/strong> Der Kaufvertrag kommt direkt zwischen dem Mitglied (K\u00e4ufer) und dem jeweiligen Vertriebspartner (Verk\u00e4ufer) zustande. Die Aquila Association Austria tritt lediglich als Vermittler auf und ist nicht Partei des Kaufvertrags.<\/li>\n<li><strong>Produktangebot und Verf\u00fcgbarkeit<\/strong> Die im Bestellsystem pr\u00e4sentierten Produkte sind unverbindlich und stellen keine verbindlichen Angebote dar. Die endg\u00fcltige Verf\u00fcgbarkeit und die Preise der Produkte werden vom jeweiligen Vertriebspartner bestimmt.<\/li>\n<li><strong>Bestellvorgang und Vertragsschluss<\/strong> Mit der Aufgabe einer Bestellung im Bestellsystem gibt das Mitglied ein verbindliches Angebot zum Kauf des gew\u00e4hlten Produkts ab. Der Vertragsschluss erfolgt gem\u00e4\u00df den Bedingungen des jeweiligen Vertriebspartners.<\/li>\n<li><strong>Preise und Zahlungsbedingungen<\/strong> Die Preise sowie die Zahlungsbedingungen werden durch die Vertriebspartner festgelegt. Alle Preise sind, sofern nicht anders angegeben, inklusive der gesetzlichen Mehrwertsteuer.<\/li>\n<li><strong>Lieferung und Versand<\/strong> Die Lieferbedingungen, einschlie\u00dflich der Lieferzeiten und Versandkosten, werden vom jeweiligen Vertriebspartner festgelegt.<\/li>\n<li><strong>Gew\u00e4hrleistung und Haftung<\/strong> F\u00fcr die Qualit\u00e4t, Vollst\u00e4ndigkeit oder Richtigkeit der gelieferten Produkte ist ausschlie\u00dflich der Vertriebspartner verantwortlich. Anspr\u00fcche aufgrund von M\u00e4ngeln richten sich nach den gesetzlichen Bestimmungen und sind direkt gegen\u00fcber dem Vertriebspartner geltend zu machen.<\/li>\n<li><strong>Datenschutz<\/strong> Die Aquila Association Austria verpflichtet sich, alle pers\u00f6nlichen Daten der Mitglieder gem\u00e4\u00df den geltenden Datenschutzgesetzen zu behandeln und nicht an Dritte weiterzugeben, au\u00dfer dies ist f\u00fcr die Abwicklung der Bestellung notwendig.<\/li>\n<li><strong>Schlussbestimmungen<\/strong> \u00c4nderungen oder Erg\u00e4nzungen dieser AGB bed\u00fcrfen der Schriftform. Sollten einzelne Bestimmungen dieser AGB ung\u00fcltig sein, bleibt die G\u00fcltigkeit der \u00fcbrigen Bestimmungen unber\u00fchrt.<\/li>\n<\/ol>\n","protected":false},"excerpt":{"rendered":"<p>Geltungsbereich Diese Allgemeinen Gesch\u00e4ftsbedingungen gelten f\u00fcr alle Bestellungen, die \u00fcber das Bestellsystem der Aquila Association Austria aufgegeben werden. Bestellsystem Das Bestellsystem der Aquila Association Austria dient der Vermittlung von Bestellungen von Clubkleidung und anderen Artikeln zwischen den Mitgliedern der Klassenvereinigung und den ausgew\u00e4hlten Vertriebspartnern. Vertragspartner Der Kaufvertrag kommt direkt zwischen dem Mitglied (K\u00e4ufer) und dem [&hellip;]<\/p>\n","protected":false},"author":2081,"featured_media":0,"parent":0,"menu_order":0,"comment_status":"closed","ping_status":"closed","template":"","meta":{"_bbp_topic_count":0,"_bbp_reply_count":0,"_bbp_total_topic_count":0,"_bbp_total_reply_count":0,"_bbp_voice_count":0,"_bbp_anonymous_reply_count":0,"_bbp_topic_count_hidden":0,"_bbp_reply_count_hidden":0,"_bbp_forum_subforum_count":0,"ngg_post_thumbnail":0,"footnotes":""},"class_list":["post-4609","page","type-page","status-publish","czr-hentry"],"_links":{"self":[{"href":"https:\/\/www.aquila-austria.at\/index.php?rest_route=\/wp\/v2\/pages\/4609","targetHints":{"allow":["GET"]}}],"collection":[{"href":"https:\/\/www.aquila-austria.at\/index.php?rest_route=\/wp\/v2\/pages"}],"about":[{"href":"https:\/\/www.aquila-austria.at\/index.php?rest_route=\/wp\/v2\/types\/page"}],"author":[{"embeddable":true,"href":"https:\/\/www.aquila-austria.at\/index.php?rest_route=\/wp\/v2\/users\/2081"}],"replies":[{"embeddable":true,"href":"https:\/\/www.aquila-austria.at\/index.php?rest_route=%2Fwp%2Fv2%2Fcomments&post=4609"}],"version-history":[{"count":2,"href":"https:\/\/www.aquila-austria.at\/index.php?rest_route=\/wp\/v2\/pages\/4609\/revisions"}],"predecessor-version":[{"id":14926,"href":"https:\/\/www.aquila-austria.at\/index.php?rest_route=\/wp\/v2\/pages\/4609\/revisions\/14926"}],"wp:attachment":[{"href":"https:\/\/www.aquila-austria.at\/index.php?rest_route=%2Fwp%2Fv2%2Fmedia&parent=4609"}],"curies":[{"name":"wp","href":"https:\/\/api.w.org\/{rel}","templated":true}]}}