{"id":2079,"date":"2014-06-02T06:42:17","date_gmt":"2014-06-02T05:42:17","guid":{"rendered":"http:\/\/www.aquila-austria.at\/?page_id=2079"},"modified":"2015-12-02T11:22:35","modified_gmt":"2015-12-02T10:22:35","slug":"geschichte","status":"publish","type":"page","link":"https:\/\/www.aquila-austria.at\/?page_id=2079","title":{"rendered":"Geschichte"},"content":{"rendered":"<h3>Aquila &#8211; \u00dcberzeugung durch Vielseitigkeit<a href=\"http:\/\/www.aquila-austria.at\/?attachment_id=2082\"><img loading=\"lazy\" decoding=\"async\" class=\"alignright wp-image-2082\" src=\"http:\/\/www.aquila-austria.at\/wp-content\/uploads\/2014\/06\/aquila3-300x184.jpg\" alt=\"aquila3\" width=\"400\" height=\"246\" srcset=\"https:\/\/www.aquila-austria.at\/wp-content\/uploads\/2014\/06\/aquila3-300x184.jpg 300w, https:\/\/www.aquila-austria.at\/wp-content\/uploads\/2014\/06\/aquila3.jpg 722w\" sizes=\"auto, (max-width: 400px) 100vw, 400px\" \/><\/a><\/h3>\n<p>1972 zeichnete Anton Miglitsch die &#8222;Aquila&#8220; f\u00fcr die Sch\u00f6chl- Werft, und das mit Schwert- oder Hubkiel gebaute Boot wurde schnell ein Erfolg. Das lag nicht nur an den gelungenen Linien des 6,30 Meter langen Bootes, sondern mehr noch an seinen \u00fcberzeugenden Segeleigenschaften, welche die &#8222;Aquila&#8220; f\u00fcr einen breiten Einsatzbereich pr\u00e4destinierten. Das gilt nat\u00fcrlich auch heute noch, denn mittlerweile sind \u00fcber 1000 Einheiten produziert.<\/p>\n<h3>Vielf\u00e4ltige Einsatzm\u00f6glichkeiten<\/h3>\n<p>Die Aquila ist eine Jolle f\u00fcr zwei Personen, die in Kiel-, Hubkiel- oder Schwertausf\u00fchrung verf\u00fcgbar ist. Das Boot ist pflegeleicht, robust und vollst\u00e4ndig in Kunststoff ausgef\u00fchrt. Der Rumpf ist aus insgesamt 3 Schalen hergestellt. Alle Bautypen sind leicht trailerbar. F\u00fcr den Vorschoter ist serienm\u00e4\u00dfig eine Trapezvorrichtung montiert.<\/p>\n<p>Ob man mit der &#8222;Aquila&#8220; auf Tour geht, um Regattapl\u00e4tze k\u00e4mpft oder den Miglitsch Riss sportlich engagiert in der Freizeit segelt: Die GFK-Konstruktion \u00fcberzeugt durch eine gro\u00dfe Plicht, einen ausgewogenen Lateralplan der gute Kursstabilit\u00e4t liefert, sowie Sicherheit durch Luftkammern im Doppelboden. Auch bei Welle und mehr Wind macht die &#8222;Aquila&#8220; eine gute Figur, denn das schlanke Vorschiff geht sauber durch Wellen, die selbstlenzende Plicht transportiert \u00fcberkommendes Spritzwasser wieder nach drau\u00dfen, das Boot ist wendig und dass rund 30 kg schwere Ballastschwert hilft der Crew das 280 kg Boot ( Schwert\/Hubkiel 310 kg ) in stabiler Lage zu halten.<\/p>\n<h3><a href=\"http:\/\/www.aquila-austria.at\/?attachment_id=2083\"><img loading=\"lazy\" decoding=\"async\" class=\"alignleft wp-image-2083\" src=\"http:\/\/www.aquila-austria.at\/wp-content\/uploads\/2014\/06\/aquila1.jpg\" alt=\"aquila1\" width=\"600\" height=\"369\" srcset=\"https:\/\/www.aquila-austria.at\/wp-content\/uploads\/2014\/06\/aquila1.jpg 722w, https:\/\/www.aquila-austria.at\/wp-content\/uploads\/2014\/06\/aquila1-300x184.jpg 300w\" sizes=\"auto, (max-width: 600px) 100vw, 600px\" \/><\/a>Unter Deck<\/h3>\n<p>Die &#8222;Aquila&#8220; bietet gen\u00fcgend Stauraum f\u00fcr Ausr\u00fcstung, hat eine abschlie\u00dfbare Schlupfkaj\u00fcte im Vorschiff, und in den Schwalbennestern und unterm Achterdeck sind auch Kleinteile sicher verstaut. Also ein ideales Boot, um komplettiert mit einem Plichtzelt, auch auf kurze T\u00f6rns zu gehen. Das Deckslayout ist bew\u00e4hrt und funktionell, der Mast steht zum schnellen Legen\/Setzen und nat\u00fcrlich zum Feintrimm in einer Spur.<\/p>\n<h3>Historisches<\/h3>\n<p>Die 2-Mann Wanderjolle Aquila wurde vom deutschen Ingenieur Anton Miglitsch entworfen. Seit 1972 wird die Aquila nach der Entwicklung zur Serienreife bei der Fa. Sch\u00f6chl am Mattsee gebaut. Nach dem Erscheinen der Yngling wurde der \u201eBuckel\u201c gekappt und auch eine Mittelkielausf\u00fchrung angeboten. Seit 1977 gibt es die Hubkielausf\u00fchrung. 1986 wurden alle Lizenzen an die Fa. Yachtsport Huber &amp; Paul (vormals Fa. Wipro, Windsurfing Produktions GmbH. in Weiden\/Opf) \u00fcbertragen.<\/p>\n<a  data-e-Disable-Page-Transition=\"true\" class=\"download-link\" title=\"\" href=\"https:\/\/www.aquila-austria.at?download=2983&amp;tmstv=1776497620\" rel=\"nofollow\" id=\"download-link-2983\" data-redirect=\"false\" >\n\tOriginal Takelanleitung Sch\u00f6chl Bootswerftsbau\t(2968 Downloads\t)\n<\/a>\n\n","protected":false},"excerpt":{"rendered":"<p>Aquila &#8211; \u00dcberzeugung durch Vielseitigkeit 1972 zeichnete Anton Miglitsch die &#8222;Aquila&#8220; f\u00fcr die Sch\u00f6chl- Werft, und das mit Schwert- oder Hubkiel gebaute Boot wurde schnell ein Erfolg. Das lag nicht nur an den gelungenen Linien des 6,30 Meter langen Bootes, sondern mehr noch an seinen \u00fcberzeugenden Segeleigenschaften, welche die &#8222;Aquila&#8220; f\u00fcr einen breiten Einsatzbereich pr\u00e4destinierten. [&hellip;]<\/p>\n","protected":false},"author":2081,"featured_media":0,"parent":0,"menu_order":0,"comment_status":"closed","ping_status":"closed","template":"","meta":{"_bbp_topic_count":0,"_bbp_reply_count":0,"_bbp_total_topic_count":0,"_bbp_total_reply_count":0,"_bbp_voice_count":0,"_bbp_anonymous_reply_count":0,"_bbp_topic_count_hidden":0,"_bbp_reply_count_hidden":0,"_bbp_forum_subforum_count":0,"ngg_post_thumbnail":0,"footnotes":""},"class_list":["post-2079","page","type-page","status-publish","czr-hentry"],"_links":{"self":[{"href":"https:\/\/www.aquila-austria.at\/index.php?rest_route=\/wp\/v2\/pages\/2079","targetHints":{"allow":["GET"]}}],"collection":[{"href":"https:\/\/www.aquila-austria.at\/index.php?rest_route=\/wp\/v2\/pages"}],"about":[{"href":"https:\/\/www.aquila-austria.at\/index.php?rest_route=\/wp\/v2\/types\/page"}],"author":[{"embeddable":true,"href":"https:\/\/www.aquila-austria.at\/index.php?rest_route=\/wp\/v2\/users\/2081"}],"replies":[{"embeddable":true,"href":"https:\/\/www.aquila-austria.at\/index.php?rest_route=%2Fwp%2Fv2%2Fcomments&post=2079"}],"version-history":[{"count":7,"href":"https:\/\/www.aquila-austria.at\/index.php?rest_route=\/wp\/v2\/pages\/2079\/revisions"}],"predecessor-version":[{"id":3588,"href":"https:\/\/www.aquila-austria.at\/index.php?rest_route=\/wp\/v2\/pages\/2079\/revisions\/3588"}],"wp:attachment":[{"href":"https:\/\/www.aquila-austria.at\/index.php?rest_route=%2Fwp%2Fv2%2Fmedia&parent=2079"}],"curies":[{"name":"wp","href":"https:\/\/api.w.org\/{rel}","templated":true}]}}