{"id":2,"date":"2013-10-05T19:21:22","date_gmt":"2013-10-05T17:21:22","guid":{"rendered":"http:\/\/www.aquila-austria.at\/?page_id=2"},"modified":"2021-08-18T09:39:16","modified_gmt":"2021-08-18T08:39:16","slug":"beispiel-seite","status":"publish","type":"page","link":"https:\/\/www.aquila-austria.at\/?page_id=2","title":{"rendered":"Technische Daten"},"content":{"rendered":"<div>\n<h2>Aquila<\/h2>\n<\/div>\n<div>Die Aquila geh\u00f6rt mit einer L\u00e4nge von 6,30 m zu den l\u00e4ngsten Einheitssegeljollen. Mit einem Gewicht von knapp 300 kg eignet sich das Boot vor allem ausgezeichnet als Wander- und Familienjolle. Durch die Ausstattung mit Trapez und Spinnaker hat die Aquila jedoch auch sehr sportliche Segel Eigenschaften und ist ein absolut taugliches Regattaboot. Die Aquila gibt es als Schwert- und Hubkielversion, die sich beide auf Sliprampen problemlos wassern lassen. In \u00d6sterreich und Deutschland gibt es mehr als 1100 Boote, seit dem Jahr 2003 wird die Aquila in Norddeutschland bei der Bootswerft Sebastian Funger erzeugt.<\/div>\n<div>&nbsp;<\/div>\n<div>Die Klasse Aquila ist seit den 1970er Jahren eine vom \u00d6sterreichischen Segel-Verband&nbsp; (OeSV) anerkannte Klasse.<\/div>\n<p>&nbsp;<\/p>\n<p><b>Klassenzeichen<\/b><\/p>\n<p><a href=\"wp-content\/uploads\/2013\/10\/A-logo.gif\"><img loading=\"lazy\" decoding=\"async\" class=\"alignnone size-full wp-image-92\" src=\"http:\/\/www.aquila-austria.at\/wp-content\/uploads\/2013\/10\/A-logo.gif\" alt=\"A logo\" width=\"72\" height=\"78\"><\/a><\/p>\n<p><b>Bootsma\u00dfe<\/b><\/p>\n<table cellpadding=\"0\" border=\"0\">\n<tbody>\n<tr>\n<td width=\"227\" valign=\"top\">\n<p align=\"right\"><b>L\u00e4nge \u00fcA<\/b><\/p>\n<\/td>\n<td width=\"148\" valign=\"top\">6,30 m<\/td>\n<\/tr>\n<tr>\n<td width=\"227\" valign=\"top\">\n<p align=\"right\"><b>Breite \u00fcA<\/b><\/p>\n<\/td>\n<td width=\"148\" valign=\"top\">1,90 m<\/td>\n<\/tr>\n<tr>\n<td width=\"227\" valign=\"top\">\n<p align=\"right\"><b>Tiefgang<\/b><\/p>\n<\/td>\n<td width=\"148\" valign=\"top\">Schwert oben 0,15 m &#8211; unten 1,10 m<br \/>\nHubkiel oben 0,25 m &#8211; unten 0,83 m<\/td>\n<\/tr>\n<tr>\n<td width=\"227\" valign=\"top\">\n<p align=\"right\"><b>Masth\u00f6he<\/b><\/p>\n<\/td>\n<td width=\"148\" valign=\"top\">7,15 m<\/td>\n<\/tr>\n<tr>\n<td width=\"227\" valign=\"top\">\n<p align=\"right\"><b>Gewicht (segelfertig)<\/b><\/p>\n<\/td>\n<td width=\"148\" valign=\"top\">Kielv. 360 kg<br \/>\nSchwertv. 280 kg<\/td>\n<\/tr>\n<\/tbody>\n<\/table>\n<p><b>Segelfl\u00e4che<\/b><\/p>\n<table cellpadding=\"0\" border=\"0\">\n<tbody>\n<tr>\n<td width=\"227\" valign=\"top\">\n<p align=\"right\"><b>Segelfl\u00e4che am Wind<\/b><\/p>\n<\/td>\n<td width=\"148\" valign=\"top\">19,1 m\u00b2<\/td>\n<\/tr>\n<tr>\n<td width=\"227\" valign=\"top\">\n<p align=\"right\"><b>Gro\u00dfsegel<\/b><\/p>\n<\/td>\n<td width=\"148\" valign=\"top\">11,2 m\u00b2<\/td>\n<\/tr>\n<tr>\n<td width=\"227\" valign=\"top\">\n<p align=\"right\"><b>Vorsegel<\/b><\/p>\n<\/td>\n<td width=\"148\" valign=\"top\">7,5 m\u00b2<\/td>\n<\/tr>\n<tr>\n<td width=\"227\" valign=\"top\">\n<p align=\"right\"><b>Spinnaker<\/b><\/p>\n<\/td>\n<td width=\"148\" valign=\"top\">20,1 m\u00b2<\/td>\n<\/tr>\n<\/tbody>\n<\/table>\n<p><b>Sonstiges<\/b><\/p>\n<table cellpadding=\"0\" border=\"0\">\n<tbody>\n<tr>\n<td width=\"227\" valign=\"top\">\n<p align=\"right\"><b>Takelungsart<\/b><\/p>\n<\/td>\n<td width=\"148\" valign=\"top\">Slup<\/td>\n<\/tr>\n<tr>\n<td width=\"227\" valign=\"top\">\n<p align=\"right\"><b>Yardstickzahl<\/b><\/p>\n<\/td>\n<td width=\"148\" valign=\"top\">113 (Kiel, Hubkiel)<br \/>\n110 (Schwert)<\/td>\n<\/tr>\n<\/tbody>\n<\/table>\n<p>&nbsp;<\/p>\n<p><b>Ersatzteile f\u00fcr die AQUILA<\/b><\/p>\n<p><b>Seit 2017 wird die Aquila in enger Zusammenarbeit mit der Aquila Klassenvereinigung von <span style=\"color: #ff0000;\">red<\/span>SAILING.at wieder gebaut.&nbsp;<\/b><\/p>\n<p>Durch dieses Projekt sind die wichtigsten Ersatzteile ebenfalls wieder verf\u00fcgbar. Wie zu mit Beispiel: Ruderanlagen,Riggs, Fockroller mit Kalotte,&#8230;<\/p>\n<p>Diesbez\u00fcgliche Anfragen an:&nbsp;Thomas Beidl, sales@redsailing.at<\/p>\n<a  data-e-Disable-Page-Transition=\"true\" class=\"download-link\" title=\"Version\u00a05\" href=\"https:\/\/www.aquila-austria.at?download=3589&amp;tmstv=1777607693\" rel=\"nofollow\" id=\"download-link-3589\" data-redirect=\"false\" >\n\tTechnische Daten\t(5148 Downloads\t)\n<\/a>\n\n","protected":false},"excerpt":{"rendered":"<p>Aquila Die Aquila geh\u00f6rt mit einer L\u00e4nge von 6,30 m zu den l\u00e4ngsten Einheitssegeljollen. Mit einem Gewicht von knapp 300 kg eignet sich das Boot vor allem ausgezeichnet als Wander- und Familienjolle. Durch die Ausstattung mit Trapez und Spinnaker hat die Aquila jedoch auch sehr sportliche Segel Eigenschaften und ist ein absolut taugliches Regattaboot. Die [&hellip;]<\/p>\n","protected":false},"author":2081,"featured_media":0,"parent":0,"menu_order":0,"comment_status":"closed","ping_status":"closed","template":"","meta":{"_bbp_topic_count":0,"_bbp_reply_count":0,"_bbp_total_topic_count":0,"_bbp_total_reply_count":0,"_bbp_voice_count":0,"_bbp_anonymous_reply_count":0,"_bbp_topic_count_hidden":0,"_bbp_reply_count_hidden":0,"_bbp_forum_subforum_count":0,"ngg_post_thumbnail":0,"footnotes":""},"class_list":["post-2","page","type-page","status-publish","czr-hentry"],"_links":{"self":[{"href":"https:\/\/www.aquila-austria.at\/index.php?rest_route=\/wp\/v2\/pages\/2","targetHints":{"allow":["GET"]}}],"collection":[{"href":"https:\/\/www.aquila-austria.at\/index.php?rest_route=\/wp\/v2\/pages"}],"about":[{"href":"https:\/\/www.aquila-austria.at\/index.php?rest_route=\/wp\/v2\/types\/page"}],"author":[{"embeddable":true,"href":"https:\/\/www.aquila-austria.at\/index.php?rest_route=\/wp\/v2\/users\/2081"}],"replies":[{"embeddable":true,"href":"https:\/\/www.aquila-austria.at\/index.php?rest_route=%2Fwp%2Fv2%2Fcomments&post=2"}],"version-history":[{"count":16,"href":"https:\/\/www.aquila-austria.at\/index.php?rest_route=\/wp\/v2\/pages\/2\/revisions"}],"predecessor-version":[{"id":7003,"href":"https:\/\/www.aquila-austria.at\/index.php?rest_route=\/wp\/v2\/pages\/2\/revisions\/7003"}],"wp:attachment":[{"href":"https:\/\/www.aquila-austria.at\/index.php?rest_route=%2Fwp%2Fv2%2Fmedia&parent=2"}],"curies":[{"name":"wp","href":"https:\/\/api.w.org\/{rel}","templated":true}]}}