{"id":121,"date":"2013-10-06T18:04:29","date_gmt":"2013-10-06T17:04:29","guid":{"rendered":"http:\/\/www.aquila-austria.at\/?page_id=121"},"modified":"2024-08-19T12:35:30","modified_gmt":"2024-08-19T11:35:30","slug":"kontakt-impressum","status":"publish","type":"page","link":"https:\/\/www.aquila-austria.at\/?page_id=121","title":{"rendered":"Impressum"},"content":{"rendered":"<h3><span style=\"color: #808080;\">Kontakt:<\/span><\/h3>\n<p><span style=\"color: #888888;\">E-Mail:<\/span> <a href=\"mailto:klassenvereinigung@aquila-austria.at\">klassenvereinigung@aquila-austria.at<\/a><\/p>\n<h3><span style=\"color: #808080;\">Klassensekret\u00e4r:<\/span><\/h3>\n<div>Raoul Otter<br \/>\nBurenstr. 35b<br \/>\n8020 Graz<br \/>\n(+43) 0316\/581043<br \/>\n(+43) 0664\/80610750<br \/>\n<a href=\"mailto:raoul.otter@granit-bau.at\">raoul.otter@granit-bau.at<\/a><\/div>\n<h3><span style=\"color: #808080;\">Kassier:<\/span><\/h3>\n<div>Ferdinand Brandst\u00e4tter<br \/>\nErb 25<br \/>\n5231 Schalchen<br \/>\n(+43) 0664 88554009<br \/>\n<a href=\"mailto:fb@utanet.at\">fb@utanet.at<\/a><\/div>\n<h3><span style=\"color: #808080;\">Kontoverbindung (z.B. Mitgliedsbeitrag):<\/span><\/h3>\n<p>Aquila Klassenvereinigung<br \/>\nBank N26<\/p>\n<p>IBAN: DE50 1001 1001&nbsp;2070&nbsp;2966&nbsp;86<br \/>\nBIC: NTSBDEB1XXX<\/p>\n<h3><span style=\"color: #808080;\">Haftungshinweis:<\/span><\/h3>\n<p>Trotz sorgf\u00e4ltiger inhaltlicher Kontrolle \u00fcbernehmen wir keine Haftung f\u00fcr die Inhalte externer Links. F\u00fcr den Inhalt der verlinkten Seiten sind ausschlie\u00dflich deren Betreiber verantwortlich. Irrt\u00fcmliche Satzfehler vorbehalten.<\/p>\n<h3><span style=\"color: #808080;\">Hinweis zu den Datenschutzbestimmungen<\/span><\/h3>\n<p><span style=\"color: #000000;\">Diese Website benutzt Google Analytics, einen Webanalysedienst der Google Inc. (&#8218;Google&#8216;) Google Analytics verwendet sog. &#8218;Cookies&#8216;, Textdateien, die auf Ihrem Computer gespeichert werden und die eine Analyse der Benutzung der Website durch Sie erm\u00f6glichen. Die durch den Cookie erzeugten Informationen \u00fcber Ihre Benutzung diese Website (einschlie\u00dflich Ihrer IP-Adresse) wird an einen Server von Google in den USA \u00fcbertragen und dort gespeichert. Google wird diese Informationen benutzen, um Ihre Nutzung der Website auszuwerten, um Reports \u00fcber die Websiteaktivit\u00e4ten f\u00fcr die Websitebetreiber zusammenzustellen und um weitere mit der Websitenutzung und der Internetnutzung verbundene Dienstleistungen zu erbringen. Auch wird Google diese Informationen gegebenenfalls an Dritte \u00fcbertragen, sofern dies gesetzlich vorgeschrieben ist oder soweit Dritte diese Daten im Auftrag von Google verarbeiten. Google wird in keinem Fall Ihre IP-Adresse mit anderen Daten von Google in Verbindung bringen. Sie k\u00f6nnen die Installation der Cookies durch eine entsprechende Einstellung Ihrer Browser Software verhindern; wir weisen Sie jedoch darauf hin, dass Sie in diesem Fall gegebenenfalls nicht s\u00e4mtliche Funktionen dieser Website vollumf\u00e4nglich nutzen k\u00f6nnen. Durch die Nutzung dieser Website erkl\u00e4ren Sie sich mit der Bearbeitung der \u00fcber Sie erhobenen Daten durch Google in der zuvor beschriebenen Art und Weise und zu dem zuvor benannten Zweck einverstanden.<\/span><\/p>\n<p><a href=\"http:\/\/www.google.de\/intl\/de\/policies\/terms\/regional.html\" target=\"_self\" rel=\"noopener\">Nutzungsbedingungen von Google<\/a><\/p>\n<h3><span style=\"color: #808080;\">Konzept \/ Design \/ technische Umsetzung:<\/span><\/h3>\n<p>Christian Kimmeswenger<br \/>\nJohann Fuchs-Stra\u00dfe 6<br \/>\n3340 Waidhofen an der Ybbs<br \/>\n(+43) 0664\/1858622<br \/>\n<a href=\"mailto:christian.kimmeswenger@gmx.at\">christian.kimmeswenger@gmx.at<\/a><\/p>\n","protected":false},"excerpt":{"rendered":"<p>Kontakt: E-Mail: klassenvereinigung@aquila-austria.at Klassensekret\u00e4r: Raoul Otter Burenstr. 35b 8020 Graz (+43) 0316\/581043 (+43) 0664\/80610750 raoul.otter@granit-bau.at Kassier: Ferdinand Brandst\u00e4tter Erb 25 5231 Schalchen (+43) 0664 88554009 fb@utanet.at Kontoverbindung (z.B. Mitgliedsbeitrag): Aquila Klassenvereinigung Bank N26 IBAN: DE50 1001 1001&nbsp;2070&nbsp;2966&nbsp;86 BIC: NTSBDEB1XXX Haftungshinweis: Trotz sorgf\u00e4ltiger inhaltlicher Kontrolle \u00fcbernehmen wir keine Haftung f\u00fcr die Inhalte externer Links. F\u00fcr den [&hellip;]<\/p>\n","protected":false},"author":2081,"featured_media":0,"parent":0,"menu_order":0,"comment_status":"closed","ping_status":"closed","template":"","meta":{"_bbp_topic_count":0,"_bbp_reply_count":0,"_bbp_total_topic_count":0,"_bbp_total_reply_count":0,"_bbp_voice_count":0,"_bbp_anonymous_reply_count":0,"_bbp_topic_count_hidden":0,"_bbp_reply_count_hidden":0,"_bbp_forum_subforum_count":0,"ngg_post_thumbnail":0,"footnotes":""},"class_list":["post-121","page","type-page","status-publish","czr-hentry"],"_links":{"self":[{"href":"https:\/\/www.aquila-austria.at\/index.php?rest_route=\/wp\/v2\/pages\/121","targetHints":{"allow":["GET"]}}],"collection":[{"href":"https:\/\/www.aquila-austria.at\/index.php?rest_route=\/wp\/v2\/pages"}],"about":[{"href":"https:\/\/www.aquila-austria.at\/index.php?rest_route=\/wp\/v2\/types\/page"}],"author":[{"embeddable":true,"href":"https:\/\/www.aquila-austria.at\/index.php?rest_route=\/wp\/v2\/users\/2081"}],"replies":[{"embeddable":true,"href":"https:\/\/www.aquila-austria.at\/index.php?rest_route=%2Fwp%2Fv2%2Fcomments&post=121"}],"version-history":[{"count":25,"href":"https:\/\/www.aquila-austria.at\/index.php?rest_route=\/wp\/v2\/pages\/121\/revisions"}],"predecessor-version":[{"id":15358,"href":"https:\/\/www.aquila-austria.at\/index.php?rest_route=\/wp\/v2\/pages\/121\/revisions\/15358"}],"wp:attachment":[{"href":"https:\/\/www.aquila-austria.at\/index.php?rest_route=%2Fwp%2Fv2%2Fmedia&parent=121"}],"curies":[{"name":"wp","href":"https:\/\/api.w.org\/{rel}","templated":true}]}}